{"id":35,"date":"2021-09-15T12:32:56","date_gmt":"2021-09-15T12:32:56","guid":{"rendered":"http:\/\/yeidbgw.cluster030.hosting.ovh.net\/?page_id=35"},"modified":"2021-10-06T14:58:33","modified_gmt":"2021-10-06T14:58:33","slug":"uslugi","status":"publish","type":"page","link":"https:\/\/www.allinengineering.pl\/index.php\/uslugi\/","title":{"rendered":"Us\u0142ugi"},"content":{"rendered":"\n<p style=\"text-align: justify\">Dysponujemy bogato wyposa\u017conym i nowoczesnym parkiem maszynowym. Dzi\u0119ki temu, poza dzia\u0142aniami zwi\u0105zanymi z wyspecjalizowan\u0105 motoryzacj\u0105 mo\u017cemy zaoferowa\u0107 szereg us\u0142ug dodatkowych zwi\u0105zanych z obr\u00f3bk\u0105 metali oraz innych tworzyw. Sprawd\u017a co mo\u017cemy dla Ciebie zrobi\u0107 za pomoc\u0105 naszego sprz\u0119tu:<\/p>\n<p>-Ci\u0119cie plazmowe CNC<\/p>\n<p>-Spawanie MIG, MAG, TIG<\/p>\n<p>-Toczenie<\/p>\n<p>-Frezowanie<\/p>\n<p>-Ci\u0119cie<\/p>\n<p>-Szlifowanie<\/p>\n<p>-\u015arutowanie detali<\/p>\n<p>-Druk 3D<\/p>\n","protected":false},"excerpt":{"rendered":"<p>Dysponujemy bogato wyposa\u017conym i nowoczesnym parkiem maszynowym. Dzi\u0119ki temu, poza dzia\u0142aniami zwi\u0105zanymi z wyspecjalizowan\u0105 motoryzacj\u0105 mo\u017cemy zaoferowa\u0107 szereg us\u0142ug dodatkowych zwi\u0105zanych z obr\u00f3bk\u0105 metali oraz innych tworzyw. Sprawd\u017a co mo\u017cemy dla Ciebie zrobi\u0107 za pomoc\u0105 naszego sprz\u0119tu: -Ci\u0119cie plazmowe CNC [&hellip;]<\/p>\n","protected":false},"author":1,"featured_media":0,"parent":0,"menu_order":0,"comment_status":"closed","ping_status":"closed","template":"page-templates\/page_fullwidth.php","meta":[],"_links":{"self":[{"href":"https:\/\/www.allinengineering.pl\/index.php\/wp-json\/wp\/v2\/pages\/35"}],"collection":[{"href":"https:\/\/www.allinengineering.pl\/index.php\/wp-json\/wp\/v2\/pages"}],"about":[{"href":"https:\/\/www.allinengineering.pl\/index.php\/wp-json\/wp\/v2\/types\/page"}],"author":[{"embeddable":true,"href":"https:\/\/www.allinengineering.pl\/index.php\/wp-json\/wp\/v2\/users\/1"}],"replies":[{"embeddable":true,"href":"https:\/\/www.allinengineering.pl\/index.php\/wp-json\/wp\/v2\/comments?post=35"}],"version-history":[{"count":14,"href":"https:\/\/www.allinengineering.pl\/index.php\/wp-json\/wp\/v2\/pages\/35\/revisions"}],"predecessor-version":[{"id":278,"href":"https:\/\/www.allinengineering.pl\/index.php\/wp-json\/wp\/v2\/pages\/35\/revisions\/278"}],"wp:attachment":[{"href":"https:\/\/www.allinengineering.pl\/index.php\/wp-json\/wp\/v2\/media?parent=35"}],"curies":[{"name":"wp","href":"https:\/\/api.w.org\/{rel}","templated":true}]}}